{"id":1318,"date":"2025-11-06T01:11:50","date_gmt":"2025-11-06T01:11:50","guid":{"rendered":"https:\/\/cuakxd.com\/serconciente\/home\/"},"modified":"2025-11-21T03:48:03","modified_gmt":"2025-11-21T03:48:03","slug":"inicio","status":"publish","type":"page","link":"https:\/\/cuakxd.com\/serconciente\/","title":{"rendered":"Inicio"},"content":{"rendered":"\t\t<div data-elementor-type=\"wp-page\" data-elementor-id=\"1318\" class=\"elementor elementor-1318\">\n\t\t\t\t<div class=\"elementor-element elementor-element-9e1a3b7 e-flex e-con-boxed e-con e-parent\" data-id=\"9e1a3b7\" data-element_type=\"container\" data-e-type=\"container\" data-settings=\"{&quot;background_background&quot;:&quot;classic&quot;}\">\n\t\t\t\t\t<div class=\"e-con-inner\">\n\t\t<div class=\"elementor-element elementor-element-8f73ee5 e-con-full e-flex e-con e-child\" data-id=\"8f73ee5\" data-element_type=\"container\" data-e-type=\"container\" data-settings=\"{&quot;background_background&quot;:&quot;classic&quot;}\">\n\t\t\t\t<div class=\"elementor-element elementor-element-4a02dab elementor-widget elementor-widget-heading\" data-id=\"4a02dab\" data-element_type=\"widget\" data-e-type=\"widget\" data-widget_type=\"heading.default\">\n\t\t\t\t<div class=\"elementor-widget-container\">\n\t\t\t\t\t<h1 class=\"elementor-heading-title elementor-size-default\"><b>Sanar es un camino<\/b><\/h1>\t\t\t\t<\/div>\n\t\t\t\t<\/div>\n\t\t\t\t<div class=\"elementor-element elementor-element-e46045d elementor-widget elementor-widget-text-editor\" data-id=\"e46045d\" data-element_type=\"widget\" data-e-type=\"widget\" data-widget_type=\"text-editor.default\">\n\t\t\t\t<div class=\"elementor-widget-container\">\n\t\t\t\t\t\t\t\t\t<p>Sanar tus heridas de la infancia y despertar tu verdadera conciencia<\/p>\t\t\t\t\t\t\t\t<\/div>\n\t\t\t\t<\/div>\n\t\t\t\t<div class=\"elementor-element elementor-element-84e5af3 elementor-align-center elementor-widget elementor-widget-button\" data-id=\"84e5af3\" data-element_type=\"widget\" data-e-type=\"widget\" data-widget_type=\"button.default\">\n\t\t\t\t<div class=\"elementor-widget-container\">\n\t\t\t\t\t\t\t\t\t<div class=\"elementor-button-wrapper\">\n\t\t\t\t\t<a class=\"elementor-button elementor-button-link elementor-size-sm\" href=\"https:\/\/cuakxd.com\/serconciente\/libros-sanadores-mercado-libre\/\" target=\"_blank\" id=\"https:\/\/cuakxd.com\/serconciente\/libros-sanadores-mercado-libre\/\">\n\t\t\t\t\t\t<span class=\"elementor-button-content-wrapper\">\n\t\t\t\t\t\t\t\t\t<span class=\"elementor-button-text\">Libros Sanadores<\/span>\n\t\t\t\t\t<\/span>\n\t\t\t\t\t<\/a>\n\t\t\t\t<\/div>\n\t\t\t\t\t\t\t\t<\/div>\n\t\t\t\t<\/div>\n\t\t\t\t<\/div>\n\t\t\t\t\t<\/div>\n\t\t\t\t<\/div>\n\t\t<div class=\"elementor-element elementor-element-96bd614 e-flex e-con-boxed e-con e-parent\" data-id=\"96bd614\" data-element_type=\"container\" data-e-type=\"container\">\n\t\t\t\t\t<div class=\"e-con-inner\">\n\t\t<div class=\"elementor-element elementor-element-f6f7e27 e-flex e-con-boxed e-con e-child\" data-id=\"f6f7e27\" data-element_type=\"container\" data-e-type=\"container\">\n\t\t\t\t\t<div class=\"e-con-inner\">\n\t\t\t\t<div class=\"elementor-element elementor-element-d16f5b6 elementor-widget elementor-widget-heading\" data-id=\"d16f5b6\" data-element_type=\"widget\" data-e-type=\"widget\" data-widget_type=\"heading.default\">\n\t\t\t\t<div class=\"elementor-widget-container\">\n\t\t\t\t\t<h2 class=\"elementor-heading-title elementor-size-default\">\ud83d\udcd6  Aprende con recursos y autores conscientes<\/h2>\t\t\t\t<\/div>\n\t\t\t\t<\/div>\n\t\t\t\t<div class=\"elementor-element elementor-element-49160ad elementor-widget-divider--view-line elementor-widget elementor-widget-divider\" data-id=\"49160ad\" data-element_type=\"widget\" data-e-type=\"widget\" data-widget_type=\"divider.default\">\n\t\t\t\t<div class=\"elementor-widget-container\">\n\t\t\t\t\t\t\t<div class=\"elementor-divider\">\n\t\t\t<span class=\"elementor-divider-separator\">\n\t\t\t\t\t\t<\/span>\n\t\t<\/div>\n\t\t\t\t\t\t<\/div>\n\t\t\t\t<\/div>\n\t\t<div class=\"elementor-element elementor-element-a306a4a e-flex e-con-boxed e-con e-child\" data-id=\"a306a4a\" data-element_type=\"container\" data-e-type=\"container\">\n\t\t\t\t\t<div class=\"e-con-inner\">\n\t\t<div class=\"elementor-element elementor-element-5822dc4 e-flex e-con-boxed e-con e-child\" data-id=\"5822dc4\" data-element_type=\"container\" data-e-type=\"container\">\n\t\t\t\t\t<div class=\"e-con-inner\">\n\t\t\t\t<div class=\"elementor-element elementor-element-85cc8cf elementor-widget elementor-widget-image\" data-id=\"85cc8cf\" data-element_type=\"widget\" data-e-type=\"widget\" data-widget_type=\"image.default\">\n\t\t\t\t<div class=\"elementor-widget-container\">\n\t\t\t\t\t\t\t\t\t\t\t\t\t\t\t<img fetchpriority=\"high\" decoding=\"async\" width=\"851\" height=\"1280\" src=\"https:\/\/cuakxd.com\/serconciente\/wp-content\/uploads\/2025\/11\/old-books-4937812_1280.jpg\" class=\"attachment-full size-full wp-image-2196\" alt=\"old books 4937812 1280\" srcset=\"https:\/\/cuakxd.com\/serconciente\/wp-content\/uploads\/2025\/11\/old-books-4937812_1280.jpg 851w, https:\/\/cuakxd.com\/serconciente\/wp-content\/uploads\/2025\/11\/old-books-4937812_1280-199x300.jpg 199w, https:\/\/cuakxd.com\/serconciente\/wp-content\/uploads\/2025\/11\/old-books-4937812_1280-681x1024.jpg 681w, https:\/\/cuakxd.com\/serconciente\/wp-content\/uploads\/2025\/11\/old-books-4937812_1280-768x1155.jpg 768w\" sizes=\"(max-width: 851px) 100vw, 851px\" title=\"Inicio\">\t\t\t\t\t\t\t\t\t\t\t\t\t\t\t<\/div>\n\t\t\t\t<\/div>\n\t\t\t\t<div class=\"elementor-element elementor-element-46b514f elementor-widget elementor-widget-hfe-infocard\" data-id=\"46b514f\" data-element_type=\"widget\" data-e-type=\"widget\" data-widget_type=\"hfe-infocard.default\">\n\t\t\t\t<div class=\"elementor-widget-container\">\n\t\t\t\t\t\n\t\t<div class=\"hfe-infocard\">\n\t\t\t\t\t\t\t\t\t<div class=\"hfe-infocard-title-wrap\">\n\t\t\t\t<h3 class=\"hfe-infocard-title elementor-inline-editing\" data-elementor-setting-key=\"infocard_title\" data-elementor-inline-editing-toolbar=\"basic\" >\ud83d\udcda 1. Biblioteca Consciente<\/h3>\t\t\t<\/div>\n\t\t\t\t\t\t<div class=\"hfe-infocard-text-wrap\">\n\t\t\t\t<div class=\"hfe-infocard-text elementor-inline-editing\" data-elementor-setting-key=\"infocard_description\" data-elementor-inline-editing-toolbar=\"advanced\">\n\t\t\t\t\tRecomendaciones de libros y recursos que te ayudan a sanar, reflexionar y expandir tu conciencia.\nBasado en autores como Alice Miller, Bessel van der Kolk y Louise Hay.\n\ud83d\udc49 Incluye enlaces a Mercado Libre.\t\t\t\t<\/div>\n\t\t\t\t\t\t\t<\/div>\n\t\t<\/div>\n\n\t\t\t\t\t\t<\/div>\n\t\t\t\t<\/div>\n\t\t\t\t\t<\/div>\n\t\t\t\t<\/div>\n\t\t<div class=\"elementor-element elementor-element-39b81fb e-flex e-con-boxed e-con e-child\" data-id=\"39b81fb\" data-element_type=\"container\" data-e-type=\"container\">\n\t\t\t\t\t<div class=\"e-con-inner\">\n\t\t\t\t<div class=\"elementor-element elementor-element-66dde07 elementor-widget elementor-widget-image\" data-id=\"66dde07\" data-element_type=\"widget\" data-e-type=\"widget\" data-widget_type=\"image.default\">\n\t\t\t\t<div class=\"elementor-widget-container\">\n\t\t\t\t\t\t\t\t\t\t\t\t\t\t\t<img decoding=\"async\" width=\"853\" height=\"1280\" src=\"https:\/\/cuakxd.com\/serconciente\/wp-content\/uploads\/2025\/11\/chrysalis-5117771_1280.jpg\" class=\"attachment-full size-full wp-image-2197\" alt=\"chrysalis 5117771 1280\" srcset=\"https:\/\/cuakxd.com\/serconciente\/wp-content\/uploads\/2025\/11\/chrysalis-5117771_1280.jpg 853w, https:\/\/cuakxd.com\/serconciente\/wp-content\/uploads\/2025\/11\/chrysalis-5117771_1280-200x300.jpg 200w, https:\/\/cuakxd.com\/serconciente\/wp-content\/uploads\/2025\/11\/chrysalis-5117771_1280-682x1024.jpg 682w, https:\/\/cuakxd.com\/serconciente\/wp-content\/uploads\/2025\/11\/chrysalis-5117771_1280-768x1152.jpg 768w\" sizes=\"(max-width: 853px) 100vw, 853px\" title=\"Inicio\">\t\t\t\t\t\t\t\t\t\t\t\t\t\t\t<\/div>\n\t\t\t\t<\/div>\n\t\t\t\t<div class=\"elementor-element elementor-element-b55debf elementor-widget elementor-widget-hfe-infocard\" data-id=\"b55debf\" data-element_type=\"widget\" data-e-type=\"widget\" data-widget_type=\"hfe-infocard.default\">\n\t\t\t\t<div class=\"elementor-widget-container\">\n\t\t\t\t\t\n\t\t<div class=\"hfe-infocard\">\n\t\t\t\t\t\t\t\t\t<div class=\"hfe-infocard-title-wrap\">\n\t\t\t\t<h3 class=\"hfe-infocard-title elementor-inline-editing\" data-elementor-setting-key=\"infocard_title\" data-elementor-inline-editing-toolbar=\"basic\" >\ud83c\udfa5 2. Contenido Transformador<\/h3>\t\t\t<\/div>\n\t\t\t\t\t\t<div class=\"hfe-infocard-text-wrap\">\n\t\t\t\t<div class=\"hfe-infocard-text elementor-inline-editing\" data-elementor-setting-key=\"infocard_description\" data-elementor-inline-editing-toolbar=\"advanced\">\n\t\t\t\t\tVideos, reflexiones y meditaciones para nutrir tu mente y tu alma.\nDescubre c\u00f3mo comprender tu historia y reconectar con tu poder interior.\n\ud83d\udc49 Bot\u00f3n: Ver en YouTube\t\t\t\t<\/div>\n\t\t\t\t\t\t\t<\/div>\n\t\t<\/div>\n\n\t\t\t\t\t\t<\/div>\n\t\t\t\t<\/div>\n\t\t\t\t\t<\/div>\n\t\t\t\t<\/div>\n\t\t<div class=\"elementor-element elementor-element-db379a5 e-flex e-con-boxed e-con e-child\" data-id=\"db379a5\" data-element_type=\"container\" data-e-type=\"container\">\n\t\t\t\t\t<div class=\"e-con-inner\">\n\t\t\t\t<div class=\"elementor-element elementor-element-ece35b4 elementor-widget elementor-widget-image\" data-id=\"ece35b4\" data-element_type=\"widget\" data-e-type=\"widget\" data-widget_type=\"image.default\">\n\t\t\t\t<div class=\"elementor-widget-container\">\n\t\t\t\t\t\t\t\t\t\t\t\t\t\t\t<img decoding=\"async\" width=\"853\" height=\"1280\" src=\"https:\/\/cuakxd.com\/serconciente\/wp-content\/uploads\/2025\/11\/girl-5929995_1280.jpg\" class=\"attachment-full size-full wp-image-2198\" alt=\"girl 5929995 1280\" srcset=\"https:\/\/cuakxd.com\/serconciente\/wp-content\/uploads\/2025\/11\/girl-5929995_1280.jpg 853w, https:\/\/cuakxd.com\/serconciente\/wp-content\/uploads\/2025\/11\/girl-5929995_1280-200x300.jpg 200w, https:\/\/cuakxd.com\/serconciente\/wp-content\/uploads\/2025\/11\/girl-5929995_1280-682x1024.jpg 682w, https:\/\/cuakxd.com\/serconciente\/wp-content\/uploads\/2025\/11\/girl-5929995_1280-768x1152.jpg 768w\" sizes=\"(max-width: 853px) 100vw, 853px\" title=\"Inicio\">\t\t\t\t\t\t\t\t\t\t\t\t\t\t\t<\/div>\n\t\t\t\t<\/div>\n\t\t\t\t<div class=\"elementor-element elementor-element-6001a5f elementor-widget elementor-widget-hfe-infocard\" data-id=\"6001a5f\" data-element_type=\"widget\" data-e-type=\"widget\" data-widget_type=\"hfe-infocard.default\">\n\t\t\t\t<div class=\"elementor-widget-container\">\n\t\t\t\t\t\n\t\t<div class=\"hfe-infocard\">\n\t\t\t\t\t\t\t\t\t<div class=\"hfe-infocard-title-wrap\">\n\t\t\t\t<h3 class=\"hfe-infocard-title elementor-inline-editing\" data-elementor-setting-key=\"infocard_title\" data-elementor-inline-editing-toolbar=\"basic\" >\ud83c\udf31 3. Conoce tus heridas de la infancia<\/h3>\t\t\t<\/div>\n\t\t\t\t\t\t<div class=\"hfe-infocard-text-wrap\">\n\t\t\t\t<div class=\"hfe-infocard-text elementor-inline-editing\" data-elementor-setting-key=\"infocard_description\" data-elementor-inline-editing-toolbar=\"advanced\">\n\t\t\t\t\t<p>Aprende a reconocer las experiencias que marcaron tu forma de pensar, sentir y amar.<br><u>\nComprender<\/u> tus heridas no es mirar atr\u00e1s con dolor, sino entender por qu\u00e9 reaccionas como lo haces y c\u00f3mo comenzar a liberarte.<br>\n\ud83d\udc49 Un espacio para descubrir el origen emocional de tu historia.<\/p>\t\t\t\t<\/div>\n\t\t\t\t\t\t\t<\/div>\n\t\t<\/div>\n\n\t\t\t\t\t\t<\/div>\n\t\t\t\t<\/div>\n\t\t\t\t\t<\/div>\n\t\t\t\t<\/div>\n\t\t\t\t\t<\/div>\n\t\t\t\t<\/div>\n\t\t\t\t\t<\/div>\n\t\t\t\t<\/div>\n\t\t\t\t\t<\/div>\n\t\t\t\t<\/div>\n\t\t<div class=\"elementor-element elementor-element-cd6bb61 e-flex e-con-boxed e-con e-parent\" data-id=\"cd6bb61\" data-element_type=\"container\" data-e-type=\"container\">\n\t\t\t\t\t<div class=\"e-con-inner\">\n\t\t\t\t<div class=\"elementor-element elementor-element-64138c8 elementor-widget elementor-widget-heading\" data-id=\"64138c8\" data-element_type=\"widget\" data-e-type=\"widget\" data-widget_type=\"heading.default\">\n\t\t\t\t<div class=\"elementor-widget-container\">\n\t\t\t\t\t<h2 class=\"elementor-heading-title elementor-size-default\">Las 5 heridas de la infancia, seg\u00fan la autora Lise Bourbeau<\/h2>\t\t\t\t<\/div>\n\t\t\t\t<\/div>\n\t\t\t\t\t<\/div>\n\t\t\t\t<\/div>\n\t\t<div class=\"elementor-element elementor-element-7794b58 e-grid e-con-boxed e-con e-parent\" data-id=\"7794b58\" data-element_type=\"container\" data-e-type=\"container\">\n\t\t\t\t\t<div class=\"e-con-inner\">\n\t\t\t\t<div class=\"elementor-element elementor-element-354d926 elementor-widget elementor-widget-image\" data-id=\"354d926\" data-element_type=\"widget\" data-e-type=\"widget\" data-widget_type=\"image.default\">\n\t\t\t\t<div class=\"elementor-widget-container\">\n\t\t\t\t\t\t\t\t\t\t\t\t\t\t\t<img loading=\"lazy\" decoding=\"async\" width=\"683\" height=\"1024\" src=\"https:\/\/cuakxd.com\/serconciente\/wp-content\/uploads\/2025\/11\/1.-Herida-de-Rechazo-683x1024.png\" class=\"attachment-large size-large wp-image-2341\" alt=\"1. herida de rechazo\" srcset=\"https:\/\/cuakxd.com\/serconciente\/wp-content\/uploads\/2025\/11\/1.-Herida-de-Rechazo-683x1024.png 683w, https:\/\/cuakxd.com\/serconciente\/wp-content\/uploads\/2025\/11\/1.-Herida-de-Rechazo-200x300.png 200w, https:\/\/cuakxd.com\/serconciente\/wp-content\/uploads\/2025\/11\/1.-Herida-de-Rechazo-768x1152.png 768w, https:\/\/cuakxd.com\/serconciente\/wp-content\/uploads\/2025\/11\/1.-Herida-de-Rechazo.png 1000w\" sizes=\"(max-width: 683px) 100vw, 683px\" title=\"Inicio\">\t\t\t\t\t\t\t\t\t\t\t\t\t\t\t<\/div>\n\t\t\t\t<\/div>\n\t\t\t\t<div class=\"elementor-element elementor-element-09ba430 elementor-widget elementor-widget-image\" data-id=\"09ba430\" data-element_type=\"widget\" data-e-type=\"widget\" data-widget_type=\"image.default\">\n\t\t\t\t<div class=\"elementor-widget-container\">\n\t\t\t\t\t\t\t\t\t\t\t\t\t\t\t<img loading=\"lazy\" decoding=\"async\" width=\"683\" height=\"1024\" src=\"https:\/\/cuakxd.com\/serconciente\/wp-content\/uploads\/2025\/11\/2.-Herida-de-Abandono-683x1024.png\" class=\"attachment-large size-large wp-image-2342\" alt=\"2. herida de abandono\" srcset=\"https:\/\/cuakxd.com\/serconciente\/wp-content\/uploads\/2025\/11\/2.-Herida-de-Abandono-683x1024.png 683w, https:\/\/cuakxd.com\/serconciente\/wp-content\/uploads\/2025\/11\/2.-Herida-de-Abandono-200x300.png 200w, https:\/\/cuakxd.com\/serconciente\/wp-content\/uploads\/2025\/11\/2.-Herida-de-Abandono.png 1000w\" sizes=\"(max-width: 683px) 100vw, 683px\" title=\"Inicio\">\t\t\t\t\t\t\t\t\t\t\t\t\t\t\t<\/div>\n\t\t\t\t<\/div>\n\t\t\t\t<div class=\"elementor-element elementor-element-e3d8a5a elementor-widget elementor-widget-image\" data-id=\"e3d8a5a\" data-element_type=\"widget\" data-e-type=\"widget\" data-widget_type=\"image.default\">\n\t\t\t\t<div class=\"elementor-widget-container\">\n\t\t\t\t\t\t\t\t\t\t\t\t\t\t\t<img loading=\"lazy\" decoding=\"async\" width=\"683\" height=\"1024\" src=\"https:\/\/cuakxd.com\/serconciente\/wp-content\/uploads\/2025\/11\/3.-Herida-de-Humillacion-683x1024.png\" class=\"attachment-large size-large wp-image-2343\" alt=\"3. herida de humillaci\u00f3n\" srcset=\"https:\/\/cuakxd.com\/serconciente\/wp-content\/uploads\/2025\/11\/3.-Herida-de-Humillacion-683x1024.png 683w, https:\/\/cuakxd.com\/serconciente\/wp-content\/uploads\/2025\/11\/3.-Herida-de-Humillacion-200x300.png 200w, https:\/\/cuakxd.com\/serconciente\/wp-content\/uploads\/2025\/11\/3.-Herida-de-Humillacion-768x1152.png 768w, https:\/\/cuakxd.com\/serconciente\/wp-content\/uploads\/2025\/11\/3.-Herida-de-Humillacion.png 1000w\" sizes=\"(max-width: 683px) 100vw, 683px\" title=\"Inicio\">\t\t\t\t\t\t\t\t\t\t\t\t\t\t\t<\/div>\n\t\t\t\t<\/div>\n\t\t\t\t<div class=\"elementor-element elementor-element-f8452eb elementor-widget elementor-widget-image\" data-id=\"f8452eb\" data-element_type=\"widget\" data-e-type=\"widget\" data-widget_type=\"image.default\">\n\t\t\t\t<div class=\"elementor-widget-container\">\n\t\t\t\t\t\t\t\t\t\t\t\t\t\t\t<img loading=\"lazy\" decoding=\"async\" width=\"683\" height=\"1024\" src=\"https:\/\/cuakxd.com\/serconciente\/wp-content\/uploads\/2025\/11\/4.-Herida-de-Traicion-683x1024.png\" class=\"attachment-large size-large wp-image-2344\" alt=\"4. herida de traici\u00f3n\" srcset=\"https:\/\/cuakxd.com\/serconciente\/wp-content\/uploads\/2025\/11\/4.-Herida-de-Traicion-683x1024.png 683w, https:\/\/cuakxd.com\/serconciente\/wp-content\/uploads\/2025\/11\/4.-Herida-de-Traicion-200x300.png 200w, https:\/\/cuakxd.com\/serconciente\/wp-content\/uploads\/2025\/11\/4.-Herida-de-Traicion-768x1152.png 768w, https:\/\/cuakxd.com\/serconciente\/wp-content\/uploads\/2025\/11\/4.-Herida-de-Traicion.png 1000w\" sizes=\"(max-width: 683px) 100vw, 683px\" title=\"Inicio\">\t\t\t\t\t\t\t\t\t\t\t\t\t\t\t<\/div>\n\t\t\t\t<\/div>\n\t\t\t\t<div class=\"elementor-element elementor-element-a38deeb elementor-widget elementor-widget-image\" data-id=\"a38deeb\" data-element_type=\"widget\" data-e-type=\"widget\" data-widget_type=\"image.default\">\n\t\t\t\t<div class=\"elementor-widget-container\">\n\t\t\t\t\t\t\t\t\t\t\t\t\t\t\t<img loading=\"lazy\" decoding=\"async\" width=\"683\" height=\"1024\" src=\"https:\/\/cuakxd.com\/serconciente\/wp-content\/uploads\/2025\/11\/5.-Herida-de-Injusticia-2-683x1024.png\" class=\"attachment-large size-large wp-image-2345\" alt=\"5. herida de injusticia 2\" srcset=\"https:\/\/cuakxd.com\/serconciente\/wp-content\/uploads\/2025\/11\/5.-Herida-de-Injusticia-2-683x1024.png 683w, https:\/\/cuakxd.com\/serconciente\/wp-content\/uploads\/2025\/11\/5.-Herida-de-Injusticia-2-200x300.png 200w, https:\/\/cuakxd.com\/serconciente\/wp-content\/uploads\/2025\/11\/5.-Herida-de-Injusticia-2-768x1152.png 768w, https:\/\/cuakxd.com\/serconciente\/wp-content\/uploads\/2025\/11\/5.-Herida-de-Injusticia-2.png 1000w\" sizes=\"(max-width: 683px) 100vw, 683px\" title=\"Inicio\">\t\t\t\t\t\t\t\t\t\t\t\t\t\t\t<\/div>\n\t\t\t\t<\/div>\n\t\t\t\t\t<\/div>\n\t\t\t\t<\/div>\n\t\t<div class=\"elementor-element elementor-element-08624fc e-con-full e-flex e-con e-parent\" data-id=\"08624fc\" data-element_type=\"container\" data-e-type=\"container\">\n\t\t\t\t<div class=\"elementor-element elementor-element-f9a1879 elementor-widget elementor-widget-text-editor\" data-id=\"f9a1879\" data-element_type=\"widget\" data-e-type=\"widget\" data-widget_type=\"text-editor.default\">\n\t\t\t\t<div class=\"elementor-widget-container\">\n\t\t\t\t\t\t\t\t\t<blockquote><h3><strong><span style=\"color: #800080;\">Las 5 heridas de la infancia, seg\u00fan la autora Lise Bourbeau, son patrones emocionales profundos que suelen originarse en nuestra relaci\u00f3n con las figuras principales de cuidado. Estas heridas influyen en c\u00f3mo pensamos, sentimos, reaccionamos y nos relacionamos en la vida adulta.<\/span><\/strong><\/h3><\/blockquote>\t\t\t\t\t\t\t\t<\/div>\n\t\t\t\t<\/div>\n\t\t\t\t<\/div>\n\t\t<div class=\"elementor-element elementor-element-9a71bef e-flex e-con-boxed e-con e-parent\" data-id=\"9a71bef\" data-element_type=\"container\" data-e-type=\"container\">\n\t\t\t\t\t<div class=\"e-con-inner\">\n\t\t\t\t<div class=\"elementor-element elementor-element-70f2229 elementor-widget elementor-widget-video\" data-id=\"70f2229\" data-element_type=\"widget\" data-e-type=\"widget\" data-settings=\"{&quot;youtube_url&quot;:&quot;https:\\\/\\\/youtu.be\\\/QGylSaGW7Ko?si=UL68UCdoy_LXr45H&quot;,&quot;video_type&quot;:&quot;youtube&quot;,&quot;controls&quot;:&quot;yes&quot;}\" data-widget_type=\"video.default\">\n\t\t\t\t<div class=\"elementor-widget-container\">\n\t\t\t\t\t\t\t<div class=\"elementor-wrapper elementor-open-inline\">\n\t\t\t<div class=\"elementor-video\"><\/div>\t\t<\/div>\n\t\t\t\t\t\t<\/div>\n\t\t\t\t<\/div>\n\t\t\t\t\t<\/div>\n\t\t\t\t<\/div>\n\t\t<div class=\"elementor-element elementor-element-761d989 e-flex e-con-boxed e-con e-parent\" data-id=\"761d989\" data-element_type=\"container\" data-e-type=\"container\">\n\t\t\t\t\t<div class=\"e-con-inner\">\n\t\t\t\t\t<\/div>\n\t\t\t\t<\/div>\n\t\t<div class=\"elementor-element elementor-element-7309c86 e-flex e-con-boxed e-con e-parent\" data-id=\"7309c86\" data-element_type=\"container\" data-e-type=\"container\">\n\t\t\t\t\t<div class=\"e-con-inner\">\n\t\t\t\t<div class=\"elementor-element elementor-element-8055aa1 elementor-widget elementor-widget-heading\" data-id=\"8055aa1\" data-element_type=\"widget\" data-e-type=\"widget\" data-widget_type=\"heading.default\">\n\t\t\t\t<div class=\"elementor-widget-container\">\n\t\t\t\t\t<h2 class=\"elementor-heading-title elementor-size-default\"><a href=\"https:\/\/mercadolibre.com\/sec\/1k33T4U\"><b>El origen de tus heridas: por qu\u00e9 te desconectaste de ti  Sanaci\u00f3n interior profunda<\/b><\/a><\/h2>\t\t\t\t<\/div>\n\t\t\t\t<\/div>\n\t\t\t\t\t<\/div>\n\t\t\t\t<\/div>\n\t\t<div class=\"elementor-element elementor-element-5c1a55c e-flex e-con-boxed e-con e-parent\" data-id=\"5c1a55c\" data-element_type=\"container\" data-e-type=\"container\">\n\t\t\t\t\t<div class=\"e-con-inner\">\n\t\t\t\t<div class=\"elementor-element elementor-element-f1b8328 elementor-widget elementor-widget-video\" data-id=\"f1b8328\" data-element_type=\"widget\" data-e-type=\"widget\" data-settings=\"{&quot;youtube_url&quot;:&quot;https:\\\/\\\/youtu.be\\\/oK0ePtNuCXw&quot;,&quot;video_type&quot;:&quot;youtube&quot;,&quot;controls&quot;:&quot;yes&quot;}\" data-widget_type=\"video.default\">\n\t\t\t\t<div class=\"elementor-widget-container\">\n\t\t\t\t\t\t\t<div class=\"elementor-wrapper elementor-open-inline\">\n\t\t\t<div class=\"elementor-video\"><\/div>\t\t<\/div>\n\t\t\t\t\t\t<\/div>\n\t\t\t\t<\/div>\n\t\t\t\t\t<\/div>\n\t\t\t\t<\/div>\n\t\t\t\t<\/div>\n\t\t","protected":false},"excerpt":{"rendered":"<p>Sanar es un camino Sanar tus heridas de la infancia y despertar tu verdadera conciencia Libros Sanadores \ud83d\udcd6 Aprende con recursos y autores conscientes \ud83d\udcda 1. Biblioteca Consciente Recomendaciones de libros y recursos que te ayudan a sanar, reflexionar y expandir tu conciencia. Basado en autores como Alice Miller, Bessel van der Kolk y Louise [&hellip;]<\/p>\n","protected":false},"author":2,"featured_media":0,"parent":0,"menu_order":0,"comment_status":"closed","ping_status":"closed","template":"","meta":{"_surecart_dashboard_logo_width":"180px","_surecart_dashboard_show_logo":true,"_surecart_dashboard_navigation_orders":true,"_surecart_dashboard_navigation_invoices":true,"_surecart_dashboard_navigation_subscriptions":true,"_surecart_dashboard_navigation_downloads":true,"_surecart_dashboard_navigation_billing":true,"_surecart_dashboard_navigation_account":true,"site-sidebar-layout":"no-sidebar","site-content-layout":"page-builder","ast-site-content-layout":"full-width-container","site-content-style":"unboxed","site-sidebar-style":"unboxed","ast-global-header-display":"","ast-banner-title-visibility":"","ast-main-header-display":"","ast-hfb-above-header-display":"","ast-hfb-below-header-display":"","ast-hfb-mobile-header-display":"","site-post-title":"disabled","ast-breadcrumbs-content":"","ast-featured-img":"disabled","footer-sml-layout":"","ast-disable-related-posts":"","theme-transparent-header-meta":"disabled","adv-header-id-meta":"","stick-header-meta":"","header-above-stick-meta":"","header-main-stick-meta":"","header-below-stick-meta":"","astra-migrate-meta-layouts":"set","ast-page-background-enabled":"default","ast-page-background-meta":{"desktop":{"background-color":"var(--ast-global-color-4)","background-image":"","background-repeat":"repeat","background-position":"center center","background-size":"auto","background-attachment":"scroll","background-type":"","background-media":"","overlay-type":"","overlay-color":"","overlay-opacity":"","overlay-gradient":""},"tablet":{"background-color":"","background-image":"","background-repeat":"repeat","background-position":"center center","background-size":"auto","background-attachment":"scroll","background-type":"","background-media":"","overlay-type":"","overlay-color":"","overlay-opacity":"","overlay-gradient":""},"mobile":{"background-color":"","background-image":"","background-repeat":"repeat","background-position":"center center","background-size":"auto","background-attachment":"scroll","background-type":"","background-media":"","overlay-type":"","overlay-color":"","overlay-opacity":"","overlay-gradient":""}},"ast-content-background-meta":{"desktop":{"background-color":"var(--ast-global-color-5)","background-image":"","background-repeat":"repeat","background-position":"center center","background-size":"auto","background-attachment":"scroll","background-type":"","background-media":"","overlay-type":"","overlay-color":"","overlay-opacity":"","overlay-gradient":""},"tablet":{"background-color":"var(--ast-global-color-5)","background-image":"","background-repeat":"repeat","background-position":"center center","background-size":"auto","background-attachment":"scroll","background-type":"","background-media":"","overlay-type":"","overlay-color":"","overlay-opacity":"","overlay-gradient":""},"mobile":{"background-color":"var(--ast-global-color-5)","background-image":"","background-repeat":"repeat","background-position":"center center","background-size":"auto","background-attachment":"scroll","background-type":"","background-media":"","overlay-type":"","overlay-color":"","overlay-opacity":"","overlay-gradient":""}},"footnotes":""},"class_list":["post-1318","page","type-page","status-publish","hentry"],"_hostinger_reach_plugin_has_subscription_block":false,"_hostinger_reach_plugin_is_elementor":false,"_links":{"self":[{"href":"https:\/\/cuakxd.com\/serconciente\/wp-json\/wp\/v2\/pages\/1318","targetHints":{"allow":["GET"]}}],"collection":[{"href":"https:\/\/cuakxd.com\/serconciente\/wp-json\/wp\/v2\/pages"}],"about":[{"href":"https:\/\/cuakxd.com\/serconciente\/wp-json\/wp\/v2\/types\/page"}],"author":[{"embeddable":true,"href":"https:\/\/cuakxd.com\/serconciente\/wp-json\/wp\/v2\/users\/2"}],"replies":[{"embeddable":true,"href":"https:\/\/cuakxd.com\/serconciente\/wp-json\/wp\/v2\/comments?post=1318"}],"version-history":[{"count":104,"href":"https:\/\/cuakxd.com\/serconciente\/wp-json\/wp\/v2\/pages\/1318\/revisions"}],"predecessor-version":[{"id":2628,"href":"https:\/\/cuakxd.com\/serconciente\/wp-json\/wp\/v2\/pages\/1318\/revisions\/2628"}],"wp:attachment":[{"href":"https:\/\/cuakxd.com\/serconciente\/wp-json\/wp\/v2\/media?parent=1318"}],"curies":[{"name":"wp","href":"https:\/\/api.w.org\/{rel}","templated":true}]}}