{"id":2264,"date":"2025-11-12T03:47:41","date_gmt":"2025-11-12T03:47:41","guid":{"rendered":"https:\/\/cuakxd.com\/serconciente\/?page_id=2264"},"modified":"2025-11-20T01:32:07","modified_gmt":"2025-11-20T01:32:07","slug":"libros-sanadores-mercado-libre","status":"publish","type":"page","link":"https:\/\/cuakxd.com\/serconciente\/libros-sanadores-mercado-libre\/","title":{"rendered":"Libros Sanadores\/Mercado Libre"},"content":{"rendered":"\t\t<div data-elementor-type=\"wp-page\" data-elementor-id=\"2264\" class=\"elementor elementor-2264\">\n\t\t\t\t<div class=\"elementor-element elementor-element-35c8b5e e-flex e-con-boxed e-con e-parent\" data-id=\"35c8b5e\" data-element_type=\"container\" data-e-type=\"container\">\n\t\t\t\t\t<div class=\"e-con-inner\">\n\t\t<div class=\"elementor-element elementor-element-fd44477 e-con-full e-flex e-con e-child\" data-id=\"fd44477\" data-element_type=\"container\" data-e-type=\"container\">\n\t\t\t\t<div class=\"elementor-element elementor-element-0bd8057 elementor-position-top elementor-widget elementor-widget-image-box\" data-id=\"0bd8057\" data-element_type=\"widget\" data-e-type=\"widget\" data-widget_type=\"image-box.default\">\n\t\t\t\t<div class=\"elementor-widget-container\">\n\t\t\t\t\t<div class=\"elementor-image-box-wrapper\"><figure class=\"elementor-image-box-img\"><img fetchpriority=\"high\" decoding=\"async\" width=\"360\" height=\"544\" src=\"https:\/\/cuakxd.com\/serconciente\/wp-content\/uploads\/2025\/11\/313165_portada_el-drama-del-nino-dotado_alice-miller_202002210952.webp\" class=\"attachment-full size-full wp-image-2241\" alt=\"313165 portada el drama del nino dotado alice miller 202002210952\" srcset=\"https:\/\/cuakxd.com\/serconciente\/wp-content\/uploads\/2025\/11\/313165_portada_el-drama-del-nino-dotado_alice-miller_202002210952.webp 360w, https:\/\/cuakxd.com\/serconciente\/wp-content\/uploads\/2025\/11\/313165_portada_el-drama-del-nino-dotado_alice-miller_202002210952-199x300.webp 199w\" sizes=\"(max-width: 360px) 100vw, 360px\" title=\"Libros Sanadores\/Mercado Libre\"><\/figure><div class=\"elementor-image-box-content\"><h3 class=\"elementor-image-box-title\">1. El drama del ni\u00f1o dotado (1979)<\/h3><p class=\"elementor-image-box-description\">Explora c\u00f3mo los ni\u00f1os sensibles y perceptivos aprenden a reprimir sus emociones para satisfacer las expectativas de sus padres, creando un falso yo que en la adultez genera sufrimiento emocional.<\/p><\/div><\/div>\t\t\t\t<\/div>\n\t\t\t\t<\/div>\n\t\t\t\t<div class=\"elementor-element elementor-element-99180be elementor-align-center elementor-widget elementor-widget-button\" data-id=\"99180be\" data-element_type=\"widget\" data-e-type=\"widget\" data-widget_type=\"button.default\">\n\t\t\t\t<div class=\"elementor-widget-container\">\n\t\t\t\t\t\t\t\t\t<div class=\"elementor-button-wrapper\">\n\t\t\t\t\t<a class=\"elementor-button elementor-button-link elementor-size-sm\" href=\"https:\/\/mercadolibre.com\/sec\/2KGpo5v\" target=\"_blank\" id=\"https:\/\/mercadolibre.com\/sec\/2KGpo5v\">\n\t\t\t\t\t\t<span class=\"elementor-button-content-wrapper\">\n\t\t\t\t\t\t\t\t\t<span class=\"elementor-button-text\">Mercado Libre<\/span>\n\t\t\t\t\t<\/span>\n\t\t\t\t\t<\/a>\n\t\t\t\t<\/div>\n\t\t\t\t\t\t\t\t<\/div>\n\t\t\t\t<\/div>\n\t\t\t\t<\/div>\n\t\t<div class=\"elementor-element elementor-element-c04b754 e-con-full e-flex e-con e-child\" data-id=\"c04b754\" data-element_type=\"container\" data-e-type=\"container\" data-settings=\"{&quot;background_background&quot;:&quot;classic&quot;}\">\n\t\t\t\t<div class=\"elementor-element elementor-element-91676b4 elementor-position-top elementor-widget elementor-widget-image-box\" data-id=\"91676b4\" data-element_type=\"widget\" data-e-type=\"widget\" data-widget_type=\"image-box.default\">\n\t\t\t\t<div class=\"elementor-widget-container\">\n\t\t\t\t\t<div class=\"elementor-image-box-wrapper\"><figure class=\"elementor-image-box-img\"><img decoding=\"async\" width=\"360\" height=\"520\" src=\"https:\/\/cuakxd.com\/serconciente\/wp-content\/uploads\/2025\/11\/331686_portada_por-tu-propio-bien_alice-miller_202102231103.webp\" class=\"attachment-full size-full wp-image-2244\" alt=\"331686 portada por tu propio bien alice miller 202102231103\" srcset=\"https:\/\/cuakxd.com\/serconciente\/wp-content\/uploads\/2025\/11\/331686_portada_por-tu-propio-bien_alice-miller_202102231103.webp 360w, https:\/\/cuakxd.com\/serconciente\/wp-content\/uploads\/2025\/11\/331686_portada_por-tu-propio-bien_alice-miller_202102231103-208x300.webp 208w\" sizes=\"(max-width: 360px) 100vw, 360px\" title=\"Libros Sanadores\/Mercado Libre\"><\/figure><div class=\"elementor-image-box-content\"><h3 class=\"elementor-image-box-title\">2. Por tu propio bien (1980)<\/h3><p class=\"elementor-image-box-description\">Analiza c\u00f3mo la crianza r\u00edgida, autoritaria y basada en la obediencia ciega produce adultos da\u00f1ados que repiten patrones abusivos sin cuestionarlos.<\/p><\/div><\/div>\t\t\t\t<\/div>\n\t\t\t\t<\/div>\n\t\t\t\t<div class=\"elementor-element elementor-element-ea2c1d5 elementor-align-center elementor-widget elementor-widget-button\" data-id=\"ea2c1d5\" data-element_type=\"widget\" data-e-type=\"widget\" data-widget_type=\"button.default\">\n\t\t\t\t<div class=\"elementor-widget-container\">\n\t\t\t\t\t\t\t\t\t<div class=\"elementor-button-wrapper\">\n\t\t\t\t\t<a class=\"elementor-button elementor-button-link elementor-size-sm\" href=\"https:\/\/mercadolibre.com\/sec\/2KGpo5v\" target=\"_blank\" id=\"https:\/\/mercadolibre.com\/sec\/2KGpo5v\">\n\t\t\t\t\t\t<span class=\"elementor-button-content-wrapper\">\n\t\t\t\t\t\t\t\t\t<span class=\"elementor-button-text\">Mercado Libre<\/span>\n\t\t\t\t\t<\/span>\n\t\t\t\t\t<\/a>\n\t\t\t\t<\/div>\n\t\t\t\t\t\t\t\t<\/div>\n\t\t\t\t<\/div>\n\t\t\t\t<\/div>\n\t\t\t\t\t<\/div>\n\t\t\t\t<\/div>\n\t\t<div class=\"elementor-element elementor-element-2649cb9 e-flex e-con-boxed e-con e-parent\" data-id=\"2649cb9\" data-element_type=\"container\" data-e-type=\"container\">\n\t\t\t\t\t<div class=\"e-con-inner\">\n\t\t<div class=\"elementor-element elementor-element-0a0dce4 e-con-full e-flex e-con e-child\" data-id=\"0a0dce4\" data-element_type=\"container\" data-e-type=\"container\">\n\t\t\t\t<div class=\"elementor-element elementor-element-7b8a804 elementor-position-top elementor-widget elementor-widget-image-box\" data-id=\"7b8a804\" data-element_type=\"widget\" data-e-type=\"widget\" data-widget_type=\"image-box.default\">\n\t\t\t\t<div class=\"elementor-widget-container\">\n\t\t\t\t\t<div class=\"elementor-image-box-wrapper\"><figure class=\"elementor-image-box-img\"><img decoding=\"async\" width=\"182\" height=\"277\" src=\"https:\/\/cuakxd.com\/serconciente\/wp-content\/uploads\/2025\/11\/Unknown-1.jpeg\" class=\"attachment-full size-full wp-image-2393\" alt=\"unknown\" title=\"Libros Sanadores\/Mercado Libre\"><\/figure><div class=\"elementor-image-box-content\"><h3 class=\"elementor-image-box-title\">3. El cuerpo nunca miente (2004)<\/h3><p class=\"elementor-image-box-description\">Expone c\u00f3mo el cuerpo guarda la verdad emocional que la mente intenta ocultar, manifestando s\u00edntomas f\u00edsicos cuando los traumas infantiles no son reconocidos.<\/p><\/div><\/div>\t\t\t\t<\/div>\n\t\t\t\t<\/div>\n\t\t\t\t<div class=\"elementor-element elementor-element-a93b21e elementor-align-center elementor-widget elementor-widget-button\" data-id=\"a93b21e\" data-element_type=\"widget\" data-e-type=\"widget\" data-widget_type=\"button.default\">\n\t\t\t\t<div class=\"elementor-widget-container\">\n\t\t\t\t\t\t\t\t\t<div class=\"elementor-button-wrapper\">\n\t\t\t\t\t<a class=\"elementor-button elementor-button-link elementor-size-sm\" href=\"https:\/\/mercadolibre.com\/sec\/2KGpo5v\" target=\"_blank\" id=\"https:\/\/mercadolibre.com\/sec\/2KGpo5v\">\n\t\t\t\t\t\t<span class=\"elementor-button-content-wrapper\">\n\t\t\t\t\t\t\t\t\t<span class=\"elementor-button-text\">Mercado Libre<\/span>\n\t\t\t\t\t<\/span>\n\t\t\t\t\t<\/a>\n\t\t\t\t<\/div>\n\t\t\t\t\t\t\t\t<\/div>\n\t\t\t\t<\/div>\n\t\t\t\t<\/div>\n\t\t<div class=\"elementor-element elementor-element-0429a1f e-con-full e-flex e-con e-child\" data-id=\"0429a1f\" data-element_type=\"container\" data-e-type=\"container\">\n\t\t\t\t<div class=\"elementor-element elementor-element-ae3fa4f elementor-position-top elementor-widget elementor-widget-image-box\" data-id=\"ae3fa4f\" data-element_type=\"widget\" data-e-type=\"widget\" data-widget_type=\"image-box.default\">\n\t\t\t\t<div class=\"elementor-widget-container\">\n\t\t\t\t\t<div class=\"elementor-image-box-wrapper\"><figure class=\"elementor-image-box-img\"><img loading=\"lazy\" decoding=\"async\" width=\"640\" height=\"853\" src=\"https:\/\/cuakxd.com\/serconciente\/wp-content\/uploads\/2025\/11\/i5968290331.jpg.webp\" class=\"attachment-full size-full wp-image-2397\" alt=\"i5968290331.jpg\" srcset=\"https:\/\/cuakxd.com\/serconciente\/wp-content\/uploads\/2025\/11\/i5968290331.jpg.webp 640w, https:\/\/cuakxd.com\/serconciente\/wp-content\/uploads\/2025\/11\/i5968290331.jpg-225x300.webp 225w\" sizes=\"(max-width: 640px) 100vw, 640px\" title=\"Libros Sanadores\/Mercado Libre\"><\/figure><div class=\"elementor-image-box-content\"><h3 class=\"elementor-image-box-title\">4. El saber proscrito (1988)<\/h3><p class=\"elementor-image-box-description\">Muestra c\u00f3mo las sociedades silencian el conocimiento sobre el maltrato infantil y c\u00f3mo ese silencio colectivo perpet\u00faa ciclos de violencia.<\/p><\/div><\/div>\t\t\t\t<\/div>\n\t\t\t\t<\/div>\n\t\t\t\t<div class=\"elementor-element elementor-element-d807747 elementor-align-center elementor-widget elementor-widget-button\" data-id=\"d807747\" data-element_type=\"widget\" data-e-type=\"widget\" data-widget_type=\"button.default\">\n\t\t\t\t<div class=\"elementor-widget-container\">\n\t\t\t\t\t\t\t\t\t<div class=\"elementor-button-wrapper\">\n\t\t\t\t\t<a class=\"elementor-button elementor-button-link elementor-size-sm\" href=\"https:\/\/mercadolibre.com\/sec\/2KGpo5v\" target=\"_blank\" id=\"https:\/\/mercadolibre.com\/sec\/2KGpo5v\">\n\t\t\t\t\t\t<span class=\"elementor-button-content-wrapper\">\n\t\t\t\t\t\t\t\t\t<span class=\"elementor-button-text\">Mercado Libre<\/span>\n\t\t\t\t\t<\/span>\n\t\t\t\t\t<\/a>\n\t\t\t\t<\/div>\n\t\t\t\t\t\t\t\t<\/div>\n\t\t\t\t<\/div>\n\t\t\t\t<\/div>\n\t\t\t\t\t<\/div>\n\t\t\t\t<\/div>\n\t\t<div class=\"elementor-element elementor-element-3bedf81 e-flex e-con-boxed e-con e-parent\" data-id=\"3bedf81\" data-element_type=\"container\" data-e-type=\"container\">\n\t\t\t\t\t<div class=\"e-con-inner\">\n\t\t<div class=\"elementor-element elementor-element-5c22506 e-con-full e-flex e-con e-child\" data-id=\"5c22506\" data-element_type=\"container\" data-e-type=\"container\">\n\t\t\t\t<div class=\"elementor-element elementor-element-c874497 elementor-position-top elementor-widget elementor-widget-image-box\" data-id=\"c874497\" data-element_type=\"widget\" data-e-type=\"widget\" data-widget_type=\"image-box.default\">\n\t\t\t\t<div class=\"elementor-widget-container\">\n\t\t\t\t\t<div class=\"elementor-image-box-wrapper\"><figure class=\"elementor-image-box-img\"><img loading=\"lazy\" decoding=\"async\" width=\"187\" height=\"270\" src=\"https:\/\/cuakxd.com\/serconciente\/wp-content\/uploads\/2025\/11\/Unknown-2.jpeg\" class=\"attachment-full size-full wp-image-2402\" alt=\"unknown\" title=\"Libros Sanadores\/Mercado Libre\"><\/figure><div class=\"elementor-image-box-content\"><h3 class=\"elementor-image-box-title\">9. Salvar tu vida (2007)<\/h3><p class=\"elementor-image-box-description\">Defiende la urgencia de liberar la verdad emocional reprimida para evitar enfermedades f\u00edsicas y psicol\u00f3gicas, y recuperar la autenticidad.<\/p><\/div><\/div>\t\t\t\t<\/div>\n\t\t\t\t<\/div>\n\t\t\t\t<div class=\"elementor-element elementor-element-2aec7e2 elementor-align-center elementor-widget elementor-widget-button\" data-id=\"2aec7e2\" data-element_type=\"widget\" data-e-type=\"widget\" data-widget_type=\"button.default\">\n\t\t\t\t<div class=\"elementor-widget-container\">\n\t\t\t\t\t\t\t\t\t<div class=\"elementor-button-wrapper\">\n\t\t\t\t\t<a class=\"elementor-button elementor-button-link elementor-size-sm\" href=\"https:\/\/mercadolibre.com\/sec\/2KGpo5v\" target=\"_blank\" id=\"https:\/\/mercadolibre.com\/sec\/2KGpo5v\">\n\t\t\t\t\t\t<span class=\"elementor-button-content-wrapper\">\n\t\t\t\t\t\t\t\t\t<span class=\"elementor-button-text\">Mercado Libre<\/span>\n\t\t\t\t\t<\/span>\n\t\t\t\t\t<\/a>\n\t\t\t\t<\/div>\n\t\t\t\t\t\t\t\t<\/div>\n\t\t\t\t<\/div>\n\t\t\t\t<\/div>\n\t\t<div class=\"elementor-element elementor-element-2f0bcc9 e-con-full e-flex e-con e-child\" data-id=\"2f0bcc9\" data-element_type=\"container\" data-e-type=\"container\">\n\t\t\t\t<\/div>\n\t\t\t\t\t<\/div>\n\t\t\t\t<\/div>\n\t\t<div class=\"elementor-element elementor-element-58b0133 e-flex e-con-boxed e-con e-parent\" data-id=\"58b0133\" data-element_type=\"container\" data-e-type=\"container\">\n\t\t\t\t\t<div class=\"e-con-inner\">\n\t\t\t\t<div class=\"elementor-element elementor-element-518d35f elementor-widget__width-initial elementor-widget elementor-widget-video\" data-id=\"518d35f\" data-element_type=\"widget\" data-e-type=\"widget\" data-settings=\"{&quot;youtube_url&quot;:&quot;https:\\\/\\\/youtu.be\\\/Y0_B83FPZ9M&quot;,&quot;video_type&quot;:&quot;youtube&quot;,&quot;controls&quot;:&quot;yes&quot;}\" data-widget_type=\"video.default\">\n\t\t\t\t<div class=\"elementor-widget-container\">\n\t\t\t\t\t\t\t<div class=\"elementor-wrapper elementor-open-inline\">\n\t\t\t<div class=\"elementor-video\"><\/div>\t\t<\/div>\n\t\t\t\t\t\t<\/div>\n\t\t\t\t<\/div>\n\t\t\t\t\t<\/div>\n\t\t\t\t<\/div>\n\t\t\t\t<\/div>\n\t\t","protected":false},"excerpt":{"rendered":"<p>1. El drama del ni\u00f1o dotado (1979) Explora c\u00f3mo los ni\u00f1os sensibles y perceptivos aprenden a reprimir sus emociones para satisfacer las expectativas de sus padres, creando un falso yo que en la adultez genera sufrimiento emocional. Mercado Libre 2. Por tu propio bien (1980) Analiza c\u00f3mo la crianza r\u00edgida, autoritaria y basada en la [&hellip;]<\/p>\n","protected":false},"author":2,"featured_media":0,"parent":0,"menu_order":0,"comment_status":"closed","ping_status":"closed","template":"","meta":{"_surecart_dashboard_logo_width":"180px","_surecart_dashboard_show_logo":true,"_surecart_dashboard_navigation_orders":true,"_surecart_dashboard_navigation_invoices":true,"_surecart_dashboard_navigation_subscriptions":true,"_surecart_dashboard_navigation_downloads":true,"_surecart_dashboard_navigation_billing":true,"_surecart_dashboard_navigation_account":true,"site-sidebar-layout":"no-sidebar","site-content-layout":"page-builder","ast-site-content-layout":"full-width-container","site-content-style":"default","site-sidebar-style":"default","ast-global-header-display":"","ast-banner-title-visibility":"","ast-main-header-display":"","ast-hfb-above-header-display":"","ast-hfb-below-header-display":"","ast-hfb-mobile-header-display":"","site-post-title":"","ast-breadcrumbs-content":"","ast-featured-img":"disabled","footer-sml-layout":"","ast-disable-related-posts":"","theme-transparent-header-meta":"","adv-header-id-meta":"","stick-header-meta":"","header-above-stick-meta":"","header-main-stick-meta":"","header-below-stick-meta":"","astra-migrate-meta-layouts":"default","ast-page-background-enabled":"default","ast-page-background-meta":{"desktop":{"background-color":"var(--ast-global-color-4)","background-image":"","background-repeat":"repeat","background-position":"center center","background-size":"auto","background-attachment":"scroll","background-type":"","background-media":"","overlay-type":"","overlay-color":"","overlay-opacity":"","overlay-gradient":""},"tablet":{"background-color":"","background-image":"","background-repeat":"repeat","background-position":"center center","background-size":"auto","background-attachment":"scroll","background-type":"","background-media":"","overlay-type":"","overlay-color":"","overlay-opacity":"","overlay-gradient":""},"mobile":{"background-color":"","background-image":"","background-repeat":"repeat","background-position":"center center","background-size":"auto","background-attachment":"scroll","background-type":"","background-media":"","overlay-type":"","overlay-color":"","overlay-opacity":"","overlay-gradient":""}},"ast-content-background-meta":{"desktop":{"background-color":"var(--ast-global-color-5)","background-image":"","background-repeat":"repeat","background-position":"center center","background-size":"auto","background-attachment":"scroll","background-type":"","background-media":"","overlay-type":"","overlay-color":"","overlay-opacity":"","overlay-gradient":""},"tablet":{"background-color":"var(--ast-global-color-5)","background-image":"","background-repeat":"repeat","background-position":"center center","background-size":"auto","background-attachment":"scroll","background-type":"","background-media":"","overlay-type":"","overlay-color":"","overlay-opacity":"","overlay-gradient":""},"mobile":{"background-color":"var(--ast-global-color-5)","background-image":"","background-repeat":"repeat","background-position":"center center","background-size":"auto","background-attachment":"scroll","background-type":"","background-media":"","overlay-type":"","overlay-color":"","overlay-opacity":"","overlay-gradient":""}},"footnotes":""},"class_list":["post-2264","page","type-page","status-publish","hentry"],"_hostinger_reach_plugin_has_subscription_block":false,"_hostinger_reach_plugin_is_elementor":false,"_links":{"self":[{"href":"https:\/\/cuakxd.com\/serconciente\/wp-json\/wp\/v2\/pages\/2264","targetHints":{"allow":["GET"]}}],"collection":[{"href":"https:\/\/cuakxd.com\/serconciente\/wp-json\/wp\/v2\/pages"}],"about":[{"href":"https:\/\/cuakxd.com\/serconciente\/wp-json\/wp\/v2\/types\/page"}],"author":[{"embeddable":true,"href":"https:\/\/cuakxd.com\/serconciente\/wp-json\/wp\/v2\/users\/2"}],"replies":[{"embeddable":true,"href":"https:\/\/cuakxd.com\/serconciente\/wp-json\/wp\/v2\/comments?post=2264"}],"version-history":[{"count":49,"href":"https:\/\/cuakxd.com\/serconciente\/wp-json\/wp\/v2\/pages\/2264\/revisions"}],"predecessor-version":[{"id":2450,"href":"https:\/\/cuakxd.com\/serconciente\/wp-json\/wp\/v2\/pages\/2264\/revisions\/2450"}],"wp:attachment":[{"href":"https:\/\/cuakxd.com\/serconciente\/wp-json\/wp\/v2\/media?parent=2264"}],"curies":[{"name":"wp","href":"https:\/\/api.w.org\/{rel}","templated":true}]}}